{"id":27,"date":"2021-04-01T10:50:42","date_gmt":"2021-04-01T08:50:42","guid":{"rendered":"https:\/\/strengths-project.ch\/?page_id=27"},"modified":"2021-05-05T13:12:31","modified_gmt":"2021-05-05T11:12:31","slug":"das-projekt","status":"publish","type":"page","link":"https:\/\/strengths-project.ch\/?page_id=27","title":{"rendered":"Das Projekt"},"content":{"rendered":"\n<p style=\"font-size:24px\"><strong>STRENGTHS<\/strong><\/p>\n\n\n\n<p>Fachpersonen gehen davon aus, dass ungef\u00e4hr die H\u00e4lfte der Menschen, die vor Krieg und Verfolgung fliehen, psychosoziale Unterst\u00fctzung ben\u00f6tigt. Dementsprechend ist der Bedarf sehr hoch, das Angebot von ausgebildeten Fachkr\u00e4ften jedoch zu gering. Das Forschungsprojekt <strong>STRENGTHS <\/strong>hat zum Ziel, die mangelnde psychologische Versorgung von in der Schweiz lebenden, arabischsprachigen Gefl\u00fcchteten zu verbessern. In diesem Rahmen wird die niederschwellige psychologische Intervention namens &#171;Problem Management Plus&#187; (PM+) im Schweizer Kontext getestet und implementiert. <\/p>\n\n\n\n<p><strong>STRENGTHS <\/strong>wird<strong>&nbsp;in Kooperation mit der Weltgesundheitsorganisation (WHO)&nbsp;<\/strong>und dem&nbsp;<strong>UNHCR<\/strong>&nbsp;<strong>(United Nations High Commissioner for Refugees)<\/strong> durchgef\u00fchrt. Das STRENGTHS-Konsortium besteht aus f\u00fchrenden internationalen Wissenschaftlern, Organisationen und NGO&#8217;s mit profunder Erfahrung in der Umsetzung psychosozialer Interventionen. <\/p>\n\n\n\n<p>Der Schweizer Projektteil verl\u00e4uft zeitgleich mit weiteren Teilprojekten in Europa und im Nahen Osten. In jedem Land wird die gleiche Intervention in unterschiedlichen Settings (bspw. in Fl\u00fcchtlingslagern), Zielgruppen (bspw. an Kindern) und Zug\u00e4ngen (bspw. elektronisch) evaluiert. Weitere Infos hierzu k\u00f6nnen auf der internationalen Webseite des Projekts (www.strengths-project.eu) gelesen werden. <\/p>\n\n\n\n<p style=\"font-size:24px\"><strong>Ziele<\/strong><\/p>\n\n\n\n<p>Ziel des Projekts ist es, die <strong>psychologische Kurzintervention&nbsp;(PM+) bei arabischsprachigen Fl\u00fcchtlingen<\/strong>&nbsp;in Bezug auf <strong>Anwendbarkeit<\/strong>, <strong>Wirksamkeit <\/strong>und <strong>Implementierbarkeit <\/strong>im Schweizer Kontext zu pr\u00fcfen.<\/p>\n\n\n\n<p>Sollten die Ergebnisse die Erwartungen erf\u00fcllen, wird&nbsp;<strong>ein Konzept zur Implementierung von PM+ in das Schweizer Gesundheitswesen<\/strong>&nbsp;ausgearbeitet und umgesetzt. Hierzu wird mit verschiedenen lokalen und nationalen Institutionen zusammen gearbeitet.<\/p>\n\n\n\n<p style=\"font-size:24px\"> <strong>PM+<\/strong><\/p>\n\n\n\n<p>Die<strong>&nbsp;niederschwellige psychologische Intervention Problem Management Plus (PM+)<\/strong>&nbsp;wurde von der Weltgesundheitsorganisaton (WHO) entwickelt. &nbsp;Die Intervention ist transdiagnostisch, das heisst, sie bezieht sich nicht auf ein spezifisches psychisches Problem, sondern kann bei vielen psychologischen Symptomen wirksam sein.  PM+ zielt darauf ab, das Stressniveau der Teilnehmenden zu senken und ihnen dabei zu helfen, Alltagsprobleme besser bew\u00e4ltigen zu k\u00f6nnen. War der Fokus in den bisherigen Projektphasen ausschliesslich auf Syrerinnen und Syrer gerichtet, sollen nun&nbsp;<strong>alle arabischsprachigen Gefl\u00fcchteten&nbsp;<\/strong>eingeschlossen werden.<\/p>\n\n\n\n<p>Hierf\u00fcr wurden Personen, die aus demselben Kulturkreis wie die Teilnehmenden stammen, zu <strong>psychosozialen Laientherapeuten<\/strong> (<em>\u00abHelfern\u00bb<\/em>) ausgebildet. Diese bieten die Intervention auf ihrer Muttersprache (Arabisch) an und geben sie, im Sinne eines Schneeballprinzips, weiter. Sitzungen k\u00f6nnen in <strong>Z\u00fcrich, Bern<\/strong> und <strong>St. Gallen <\/strong>angeboten werden. Auf Wunsch kann die Intervention&nbsp;<strong>nun auch online<\/strong>&nbsp;durchgef\u00fchrt werden.<\/p>\n\n\n\n<p>Die Intervention PM+ ist&nbsp;<strong>evidenzbasiert auf Elementen der kognitiven Verhaltenstherapie<\/strong>&nbsp;und beinhaltet folgende Komponenten:<\/p>\n\n\n\n<ul class=\"wp-block-list\"><li><strong><em>Probleml\u00f6sungsstrategien<\/em><\/strong><\/li><li><strong><em>Stressmanagement<\/em><\/strong><\/li><li><strong><em>Verhaltensaktivierung<\/em><\/strong><\/li><li><strong><em>soziale Unterst\u00fctzung<\/em><\/strong><\/li><\/ul>\n\n\n\n<p>Die Teilnehmenden durchlaufen insgesamt&nbsp;<strong>f\u00fcnf w\u00f6chentliche Sitzungen, die je 90 Minuten<\/strong>&nbsp;dauern. Diese Sitzungen finden im Abstand von jeweils einer Woche statt. <\/p>\n","protected":false},"excerpt":{"rendered":"<p>STRENGTHS Fachpersonen gehen davon aus, dass ungef\u00e4hr die H\u00e4lfte der Menschen, die vor Krieg und Verfolgung fliehen, psychosoziale Unterst\u00fctzung ben\u00f6tigt. Dementsprechend ist der Bedarf sehr hoch, das Angebot von ausgebildeten Fachkr\u00e4ften jedoch zu gering. Das Forschungsprojekt STRENGTHS hat zum Ziel, die mangelnde psychologische Versorgung von in der Schweiz lebenden, arabischsprachigen Gefl\u00fcchteten zu verbessern. In diesem [&hellip;]<\/p>\n","protected":false},"author":4,"featured_media":0,"parent":0,"menu_order":0,"comment_status":"closed","ping_status":"closed","template":"","meta":{"footnotes":""},"class_list":["post-27","page","type-page","status-publish","czr-hentry"],"_links":{"self":[{"href":"https:\/\/strengths-project.ch\/index.php?rest_route=\/wp\/v2\/pages\/27","targetHints":{"allow":["GET"]}}],"collection":[{"href":"https:\/\/strengths-project.ch\/index.php?rest_route=\/wp\/v2\/pages"}],"about":[{"href":"https:\/\/strengths-project.ch\/index.php?rest_route=\/wp\/v2\/types\/page"}],"author":[{"embeddable":true,"href":"https:\/\/strengths-project.ch\/index.php?rest_route=\/wp\/v2\/users\/4"}],"replies":[{"embeddable":true,"href":"https:\/\/strengths-project.ch\/index.php?rest_route=%2Fwp%2Fv2%2Fcomments&post=27"}],"version-history":[{"count":38,"href":"https:\/\/strengths-project.ch\/index.php?rest_route=\/wp\/v2\/pages\/27\/revisions"}],"predecessor-version":[{"id":573,"href":"https:\/\/strengths-project.ch\/index.php?rest_route=\/wp\/v2\/pages\/27\/revisions\/573"}],"wp:attachment":[{"href":"https:\/\/strengths-project.ch\/index.php?rest_route=%2Fwp%2Fv2%2Fmedia&parent=27"}],"curies":[{"name":"wp","href":"https:\/\/api.w.org\/{rel}","templated":true}]}}