{"id":68,"date":"2021-04-01T12:05:00","date_gmt":"2021-04-01T10:05:00","guid":{"rendered":"https:\/\/strengths-project.ch\/?page_id=68"},"modified":"2021-05-05T13:10:51","modified_gmt":"2021-05-05T11:10:51","slug":"strengths","status":"publish","type":"page","link":"https:\/\/strengths-project.ch\/","title":{"rendered":"STRENGTHS  Project"},"content":{"rendered":"\n<p class=\"has-text-align-center has-black-color has-text-color\">Die Universit\u00e4t Z\u00fcrich untersucht ein neues Programm, welches Personen im <strong>Umgang mit Alltagsschwierigkeiten<\/strong> unterst\u00fctzt. <\/p>\n\n\n\n<p class=\"has-text-align-center has-black-color has-text-color\">Das Programm wurde speziell <strong>f\u00fcr Menschen aus arabischsprachigen L\u00e4ndern <\/strong>entwickelt und findet in <strong>Z\u00fcrich, Bern und St. Gallen <\/strong>sowie auf Wunsch auch <strong>online<\/strong> statt. <\/p>\n\n\n\n<p class=\"has-text-align-center has-black-color has-text-color\">Den Teilnehmenden werden <strong>von speziell geschulten Arabisch sprechenden Personen <\/strong>einfache Strategien zum Umgang mit Belastungen im Alltag vermittelt. <\/p>\n\n\n\n<p class=\"has-text-align-center has-black-color has-text-color\">Wie Sie davon profitieren k\u00f6nnen? Sie werden <strong>neue Strategien und F\u00e4higkeiten <\/strong>erlernen, wie Sie sich selbst, Ihren Angeh\u00f6rigen und Freunden im Alltag noch besser helfen und sie unterst\u00fctzen k\u00f6nnen.<\/p>\n\n\n\n<p><\/p>\n\n\n\n<h6 class=\"alignfull has-text-align-center has-black-color has-text-color wp-block-heading\" id=\"block-e1beb952-c817-496d-9a7d-395ab8f0a9e3\"><strong>M\u00d6CHTEN SIE UNS BEI DIESEM PROJEKT UNTERST\u00dcTZEN? ODER HABEN WEITERE FRAGEN?<\/strong><\/h6>\n\n\n\n<h6 class=\"has-text-align-center has-black-color has-text-color wp-block-heading\" id=\"block-2efb2c3f-85bd-4c53-9e55-f810452326a1\"><strong>Dann melden Sie sich bitte bei uns!<\/strong><\/h6>\n\n\n\n<p class=\"has-text-align-center has-text-color has-medium-font-size\" style=\"color:#a5005d\">&nbsp;STRENGTHS Project<br>strengths@usz.ch&nbsp; |&nbsp; +41 79 913 24 69<\/p>\n\n\n\n<div class=\"wp-block-buttons is-content-justification-center is-layout-flex wp-block-buttons-is-layout-flex\"><\/div>\n\n\n\n<h6 class=\"alignfull has-text-align-center has-black-color has-text-color wp-block-heading\" id=\"block-cbcdafb2-485b-4267-92bd-f98cd31e2177\"><strong>KENNEN SIE JEMANDEN, DER ETWAS \u00c4HNLICHES ERLEBT HAT UND VIELLEICHT UNTERST\u00dcTZUNG BRAUCHT?<\/strong><\/h6>\n\n\n\n<h6 class=\"has-text-align-center has-black-color has-text-color wp-block-heading\" id=\"block-3d1b3a43-cfe3-4818-8433-b01e0a6a0506\"><strong>Dann erz\u00e4hlen Sie ihm\/ihr davon!<\/strong><\/h6>\n","protected":false},"excerpt":{"rendered":"<p>Die Universit\u00e4t Z\u00fcrich untersucht ein neues Programm, welches Personen im Umgang mit Alltagsschwierigkeiten unterst\u00fctzt. Das Programm wurde speziell f\u00fcr Menschen aus arabischsprachigen L\u00e4ndern entwickelt und findet in Z\u00fcrich, Bern und St. Gallen sowie auf Wunsch auch online statt. Den Teilnehmenden werden von speziell geschulten Arabisch sprechenden Personen einfache Strategien zum Umgang mit Belastungen im Alltag [&hellip;]<\/p>\n","protected":false},"author":4,"featured_media":344,"parent":0,"menu_order":0,"comment_status":"closed","ping_status":"closed","template":"","meta":{"footnotes":""},"class_list":["post-68","page","type-page","status-publish","has-post-thumbnail","czr-hentry"],"_links":{"self":[{"href":"https:\/\/strengths-project.ch\/index.php?rest_route=\/wp\/v2\/pages\/68","targetHints":{"allow":["GET"]}}],"collection":[{"href":"https:\/\/strengths-project.ch\/index.php?rest_route=\/wp\/v2\/pages"}],"about":[{"href":"https:\/\/strengths-project.ch\/index.php?rest_route=\/wp\/v2\/types\/page"}],"author":[{"embeddable":true,"href":"https:\/\/strengths-project.ch\/index.php?rest_route=\/wp\/v2\/users\/4"}],"replies":[{"embeddable":true,"href":"https:\/\/strengths-project.ch\/index.php?rest_route=%2Fwp%2Fv2%2Fcomments&post=68"}],"version-history":[{"count":26,"href":"https:\/\/strengths-project.ch\/index.php?rest_route=\/wp\/v2\/pages\/68\/revisions"}],"predecessor-version":[{"id":579,"href":"https:\/\/strengths-project.ch\/index.php?rest_route=\/wp\/v2\/pages\/68\/revisions\/579"}],"wp:featuredmedia":[{"embeddable":true,"href":"https:\/\/strengths-project.ch\/index.php?rest_route=\/wp\/v2\/media\/344"}],"wp:attachment":[{"href":"https:\/\/strengths-project.ch\/index.php?rest_route=%2Fwp%2Fv2%2Fmedia&parent=68"}],"curies":[{"name":"wp","href":"https:\/\/api.w.org\/{rel}","templated":true}]}}